{"id":163,"date":"2025-07-31T13:34:21","date_gmt":"2025-07-31T13:34:21","guid":{"rendered":"https:\/\/wehotel.ms2.decms.eu\/?page_id=163"},"modified":"2025-08-14T11:16:16","modified_gmt":"2025-08-14T11:16:16","slug":"zimmer","status":"publish","type":"page","link":"https:\/\/www.we-hotels.com\/de\/zimmer\/","title":{"rendered":"Zimmer"},"content":{"rendered":"<p style=\"text-align: center;\">Ein Ort, an dem man gut schlafen kann \u2013 und vielleicht sogar l\u00e4nger als geplant. Unsere modernen Zimmer verbinden funktionales Design mit Komfort, den Sie nach einem Arbeitstag, Konzerten oder einer Erkundung der Stadt zu sch\u00e4tzen wissen. Bequeme Betten, ein gem\u00fctliches Interieur und eine ruhige Atmosph\u00e4re schaffen Raum f\u00fcr echte Entspannung und ungest\u00f6rte Konzentration. Dar\u00fcber hinaus wartet in jedem Raum hochwertige Kosmetik von Rituals auf Sie \u2013 denn Selbstf\u00fcrsorge beginnt ganz bequem in Ihrem Zimmer.<\/p>\n<p style=\"text-align: center;\">Egal, ob Sie gesch\u00e4ftlich oder privat in Prag sind, eine gute Nachtruhe ist der beste Start in den Tag. G\u00f6nnen Sie sich eine Unterkunft, in der Komfort selbstverst\u00e4ndlich ist &#8211; buchen Sie noch heute Ihr Zimmer.<\/p>\n","protected":false},"excerpt":{"rendered":"<p>Ein Ort, an dem man gut schlafen kann \u2013 und vielleicht sogar l\u00e4nger als geplant. Unsere modernen Zimmer verbinden funktionales Design mit Komfort, den Sie nach einem Arbeitstag, Konzerten oder einer Erkundung der Stadt zu sch\u00e4tzen wissen. Bequeme Betten, ein gem\u00fctliches Interieur und eine ruhige Atmosph\u00e4re schaffen Raum f\u00fcr echte Entspannung und ungest\u00f6rte Konzentration. Dar\u00fcber [&hellip;]<\/p>\n","protected":false},"author":26,"featured_media":0,"parent":0,"menu_order":20,"comment_status":"closed","ping_status":"closed","template":"template-rooms.php","meta":{"footnotes":""},"class_list":["post-163","page","type-page","status-publish","hentry"],"yoast_head":"<!-- This site is optimized with the Yoast SEO plugin v27.3 - https:\/\/yoast.com\/product\/yoast-seo-wordpress\/ -->\n<title>Zimmer - WE Hotel -<\/title>\n<meta name=\"description\" content=\"Ein Ort, an dem man gut schlafen kann \u2013 und vielleicht sogar l\u00e4nger als geplant. Unsere modernen Zimmer verbinden funktionales Design mit Komfort, den Sie nach einem Arbeitstag, Konzerten oder einer Erkundung der Stadt zu sch\u00e4tzen wissen\" \/>\n<meta name=\"robots\" content=\"index, follow, max-snippet:-1, max-image-preview:large, max-video-preview:-1\" \/>\n<link rel=\"canonical\" href=\"https:\/\/www.we-hotels.com\/de\/zimmer\/\" \/>\n<meta property=\"og:locale\" content=\"de_DE\" \/>\n<meta property=\"og:type\" content=\"article\" \/>\n<meta property=\"og:title\" content=\"Zimmer - WE Hotel -\" \/>\n<meta property=\"og:description\" content=\"Ein Ort, an dem man gut schlafen kann \u2013 und vielleicht sogar l\u00e4nger als geplant. Unsere modernen Zimmer verbinden funktionales Design mit Komfort, den Sie nach einem Arbeitstag, Konzerten oder einer Erkundung der Stadt zu sch\u00e4tzen wissen\" \/>\n<meta property=\"og:url\" content=\"https:\/\/www.we-hotels.com\/de\/zimmer\/\" \/>\n<meta property=\"og:site_name\" content=\"WE Hotel\" \/>\n<meta property=\"article:publisher\" content=\"https:\/\/www.facebook.com\/WeHotelPrague\/\" \/>\n<meta property=\"article:modified_time\" content=\"2025-08-14T11:16:16+00:00\" \/>\n<meta property=\"og:image\" content=\"https:\/\/www.we-hotels.com\/wp-content\/uploads\/sites\/262\/2025\/08\/we_hotel_slide_08.jpg\" \/>\n\t<meta property=\"og:image:width\" content=\"2200\" \/>\n\t<meta property=\"og:image:height\" content=\"1200\" \/>\n\t<meta property=\"og:image:type\" content=\"image\/jpeg\" \/>\n<meta name=\"twitter:card\" content=\"summary_large_image\" \/>\n<meta name=\"twitter:label1\" content=\"Gesch\u00e4tzte Lesezeit\" \/>\n\t<meta name=\"twitter:data1\" content=\"1 Minute\" \/>\n<script type=\"application\/ld+json\" class=\"yoast-schema-graph\">{\"@context\":\"https:\\\/\\\/schema.org\",\"@graph\":[{\"@type\":\"WebPage\",\"@id\":\"https:\\\/\\\/www.we-hotels.com\\\/de\\\/zimmer\\\/\",\"url\":\"https:\\\/\\\/www.we-hotels.com\\\/de\\\/zimmer\\\/\",\"name\":\"Zimmer - WE Hotel -\",\"isPartOf\":{\"@id\":\"https:\\\/\\\/www.we-hotels.com\\\/de\\\/#website\"},\"datePublished\":\"2025-07-31T13:34:21+00:00\",\"dateModified\":\"2025-08-14T11:16:16+00:00\",\"description\":\"Ein Ort, an dem man gut schlafen kann \u2013 und vielleicht sogar l\u00e4nger als geplant. Unsere modernen Zimmer verbinden funktionales Design mit Komfort, den Sie nach einem Arbeitstag, Konzerten oder einer Erkundung der Stadt zu sch\u00e4tzen wissen\",\"breadcrumb\":{\"@id\":\"https:\\\/\\\/www.we-hotels.com\\\/de\\\/zimmer\\\/#breadcrumb\"},\"inLanguage\":\"de-DE\",\"potentialAction\":[{\"@type\":\"ReadAction\",\"target\":[\"https:\\\/\\\/www.we-hotels.com\\\/de\\\/zimmer\\\/\"]}]},{\"@type\":\"BreadcrumbList\",\"@id\":\"https:\\\/\\\/www.we-hotels.com\\\/de\\\/zimmer\\\/#breadcrumb\",\"itemListElement\":[{\"@type\":\"ListItem\",\"position\":1,\"name\":\"Home\",\"item\":\"https:\\\/\\\/www.we-hotels.com\\\/de\\\/\"},{\"@type\":\"ListItem\",\"position\":2,\"name\":\"Zimmer\"}]},{\"@type\":\"WebSite\",\"@id\":\"https:\\\/\\\/www.we-hotels.com\\\/de\\\/#website\",\"url\":\"https:\\\/\\\/www.we-hotels.com\\\/de\\\/\",\"name\":\"WE Hotel\",\"description\":\"\",\"publisher\":{\"@id\":\"https:\\\/\\\/www.we-hotels.com\\\/de\\\/#organization\"},\"potentialAction\":[{\"@type\":\"SearchAction\",\"target\":{\"@type\":\"EntryPoint\",\"urlTemplate\":\"https:\\\/\\\/www.we-hotels.com\\\/de\\\/?s={search_term_string}\"},\"query-input\":{\"@type\":\"PropertyValueSpecification\",\"valueRequired\":true,\"valueName\":\"search_term_string\"}}],\"inLanguage\":\"de-DE\"},{\"@type\":\"Organization\",\"@id\":\"https:\\\/\\\/www.we-hotels.com\\\/de\\\/#organization\",\"name\":\"WE Hotel\",\"url\":\"https:\\\/\\\/www.we-hotels.com\\\/de\\\/\",\"logo\":{\"@type\":\"ImageObject\",\"inLanguage\":\"de-DE\",\"@id\":\"https:\\\/\\\/www.we-hotels.com\\\/de\\\/#\\\/schema\\\/logo\\\/image\\\/\",\"url\":\"https:\\\/\\\/www.we-hotels.com\\\/wp-content\\\/uploads\\\/sites\\\/262\\\/2025\\\/07\\\/we_hotel_logo.jpg\",\"contentUrl\":\"https:\\\/\\\/www.we-hotels.com\\\/wp-content\\\/uploads\\\/sites\\\/262\\\/2025\\\/07\\\/we_hotel_logo.jpg\",\"width\":573,\"height\":573,\"caption\":\"WE Hotel\"},\"image\":{\"@id\":\"https:\\\/\\\/www.we-hotels.com\\\/de\\\/#\\\/schema\\\/logo\\\/image\\\/\"},\"sameAs\":[\"https:\\\/\\\/www.facebook.com\\\/WeHotelPrague\\\/\",\"https:\\\/\\\/www.instagram.com\\\/wehotelprague\",\"https:\\\/\\\/www.linkedin.com\\\/company\\\/we-hotels-europe\\\/\"]}]}<\/script>\n<!-- \/ Yoast SEO plugin. -->","yoast_head_json":{"title":"Zimmer - WE Hotel -","description":"Ein Ort, an dem man gut schlafen kann \u2013 und vielleicht sogar l\u00e4nger als geplant. Unsere modernen Zimmer verbinden funktionales Design mit Komfort, den Sie nach einem Arbeitstag, Konzerten oder einer Erkundung der Stadt zu sch\u00e4tzen wissen","robots":{"index":"index","follow":"follow","max-snippet":"max-snippet:-1","max-image-preview":"max-image-preview:large","max-video-preview":"max-video-preview:-1"},"canonical":"https:\/\/www.we-hotels.com\/de\/zimmer\/","og_locale":"de_DE","og_type":"article","og_title":"Zimmer - WE Hotel -","og_description":"Ein Ort, an dem man gut schlafen kann \u2013 und vielleicht sogar l\u00e4nger als geplant. Unsere modernen Zimmer verbinden funktionales Design mit Komfort, den Sie nach einem Arbeitstag, Konzerten oder einer Erkundung der Stadt zu sch\u00e4tzen wissen","og_url":"https:\/\/www.we-hotels.com\/de\/zimmer\/","og_site_name":"WE Hotel","article_publisher":"https:\/\/www.facebook.com\/WeHotelPrague\/","article_modified_time":"2025-08-14T11:16:16+00:00","og_image":[{"width":2200,"height":1200,"url":"https:\/\/www.we-hotels.com\/wp-content\/uploads\/sites\/262\/2025\/08\/we_hotel_slide_08.jpg","type":"image\/jpeg"}],"twitter_card":"summary_large_image","twitter_misc":{"Gesch\u00e4tzte Lesezeit":"1 Minute"},"schema":{"@context":"https:\/\/schema.org","@graph":[{"@type":"WebPage","@id":"https:\/\/www.we-hotels.com\/de\/zimmer\/","url":"https:\/\/www.we-hotels.com\/de\/zimmer\/","name":"Zimmer - WE Hotel -","isPartOf":{"@id":"https:\/\/www.we-hotels.com\/de\/#website"},"datePublished":"2025-07-31T13:34:21+00:00","dateModified":"2025-08-14T11:16:16+00:00","description":"Ein Ort, an dem man gut schlafen kann \u2013 und vielleicht sogar l\u00e4nger als geplant. Unsere modernen Zimmer verbinden funktionales Design mit Komfort, den Sie nach einem Arbeitstag, Konzerten oder einer Erkundung der Stadt zu sch\u00e4tzen wissen","breadcrumb":{"@id":"https:\/\/www.we-hotels.com\/de\/zimmer\/#breadcrumb"},"inLanguage":"de-DE","potentialAction":[{"@type":"ReadAction","target":["https:\/\/www.we-hotels.com\/de\/zimmer\/"]}]},{"@type":"BreadcrumbList","@id":"https:\/\/www.we-hotels.com\/de\/zimmer\/#breadcrumb","itemListElement":[{"@type":"ListItem","position":1,"name":"Home","item":"https:\/\/www.we-hotels.com\/de\/"},{"@type":"ListItem","position":2,"name":"Zimmer"}]},{"@type":"WebSite","@id":"https:\/\/www.we-hotels.com\/de\/#website","url":"https:\/\/www.we-hotels.com\/de\/","name":"WE Hotel","description":"","publisher":{"@id":"https:\/\/www.we-hotels.com\/de\/#organization"},"potentialAction":[{"@type":"SearchAction","target":{"@type":"EntryPoint","urlTemplate":"https:\/\/www.we-hotels.com\/de\/?s={search_term_string}"},"query-input":{"@type":"PropertyValueSpecification","valueRequired":true,"valueName":"search_term_string"}}],"inLanguage":"de-DE"},{"@type":"Organization","@id":"https:\/\/www.we-hotels.com\/de\/#organization","name":"WE Hotel","url":"https:\/\/www.we-hotels.com\/de\/","logo":{"@type":"ImageObject","inLanguage":"de-DE","@id":"https:\/\/www.we-hotels.com\/de\/#\/schema\/logo\/image\/","url":"https:\/\/www.we-hotels.com\/wp-content\/uploads\/sites\/262\/2025\/07\/we_hotel_logo.jpg","contentUrl":"https:\/\/www.we-hotels.com\/wp-content\/uploads\/sites\/262\/2025\/07\/we_hotel_logo.jpg","width":573,"height":573,"caption":"WE Hotel"},"image":{"@id":"https:\/\/www.we-hotels.com\/de\/#\/schema\/logo\/image\/"},"sameAs":["https:\/\/www.facebook.com\/WeHotelPrague\/","https:\/\/www.instagram.com\/wehotelprague","https:\/\/www.linkedin.com\/company\/we-hotels-europe\/"]}]}},"acf":[],"_links":{"self":[{"href":"https:\/\/www.we-hotels.com\/de\/wp-json\/wp\/v2\/pages\/163","targetHints":{"allow":["GET"]}}],"collection":[{"href":"https:\/\/www.we-hotels.com\/de\/wp-json\/wp\/v2\/pages"}],"about":[{"href":"https:\/\/www.we-hotels.com\/de\/wp-json\/wp\/v2\/types\/page"}],"author":[{"embeddable":true,"href":"https:\/\/www.we-hotels.com\/de\/wp-json\/wp\/v2\/users\/26"}],"replies":[{"embeddable":true,"href":"https:\/\/www.we-hotels.com\/de\/wp-json\/wp\/v2\/comments?post=163"}],"version-history":[{"count":0,"href":"https:\/\/www.we-hotels.com\/de\/wp-json\/wp\/v2\/pages\/163\/revisions"}],"wp:attachment":[{"href":"https:\/\/www.we-hotels.com\/de\/wp-json\/wp\/v2\/media?parent=163"}],"curies":[{"name":"wp","href":"https:\/\/api.w.org\/{rel}","templated":true}]}}