{"id":248,"date":"2025-07-31T13:42:23","date_gmt":"2025-07-31T13:42:23","guid":{"rendered":"https:\/\/wehotel.ms2.decms.eu\/?page_id=248"},"modified":"2025-08-14T11:26:05","modified_gmt":"2025-08-14T11:26:05","slug":"umgebung","status":"publish","type":"page","link":"https:\/\/www.we-hotels.com\/de\/standort\/umgebung\/","title":{"rendered":"Umgebung"},"content":{"rendered":"<p>Gehen Sie nach drau\u00dfen und genie\u00dfen Sie die einzigartige Atmosph\u00e4re von Let\u0148any. Unser Hotel befindet sich mitten im Geschehen \u2013 ganz in der N\u00e4he der Veranstaltungsorte f\u00fcr gesch\u00e4ftliche Tagungen und Messen. Wir bieten einen idealen Hintergrund f\u00fcr einen produktiven Tag ohne unn\u00f6tige Bewegungen. Und wenn die Arbeit vorbei ist? Ruhige Natur, moderne Sportanlagen und Weltklasse-Konzerte erwarten Sie in der Umgebung.<\/p>\n","protected":false},"excerpt":{"rendered":"<p>Gehen Sie nach drau\u00dfen und genie\u00dfen Sie die einzigartige Atmosph\u00e4re von Let\u0148any. Unser Hotel befindet sich mitten im Geschehen \u2013 ganz in der N\u00e4he der Veranstaltungsorte f\u00fcr gesch\u00e4ftliche Tagungen und Messen. Wir bieten einen idealen Hintergrund f\u00fcr einen produktiven Tag ohne unn\u00f6tige Bewegungen. Und wenn die Arbeit vorbei ist? Ruhige Natur, moderne Sportanlagen und Weltklasse-Konzerte [&hellip;]<\/p>\n","protected":false},"author":26,"featured_media":0,"parent":243,"menu_order":20,"comment_status":"closed","ping_status":"closed","template":"template-surroundings.php","meta":{"footnotes":""},"class_list":["post-248","page","type-page","status-publish","hentry"],"yoast_head":"<!-- This site is optimized with the Yoast SEO plugin v27.3 - https:\/\/yoast.com\/product\/yoast-seo-wordpress\/ -->\n<title>Umgebung - WE Hotel -<\/title>\n<meta name=\"description\" content=\"Gehen Sie nach drau\u00dfen und genie\u00dfen Sie die einzigartige Atmosph\u00e4re von Let\u0148any. Unser Hotel befindet sich mitten im Geschehen \u2013 ganz in der N\u00e4he der Veranstaltungsorte f\u00fcr gesch\u00e4ftliche Tagungen und Messen\" \/>\n<meta name=\"robots\" content=\"index, follow, max-snippet:-1, max-image-preview:large, max-video-preview:-1\" \/>\n<link rel=\"canonical\" href=\"https:\/\/www.we-hotels.com\/de\/standort\/umgebung\/\" \/>\n<meta property=\"og:locale\" content=\"de_DE\" \/>\n<meta property=\"og:type\" content=\"article\" \/>\n<meta property=\"og:title\" content=\"Umgebung - WE Hotel -\" \/>\n<meta property=\"og:description\" content=\"Gehen Sie nach drau\u00dfen und genie\u00dfen Sie die einzigartige Atmosph\u00e4re von Let\u0148any. Unser Hotel befindet sich mitten im Geschehen \u2013 ganz in der N\u00e4he der Veranstaltungsorte f\u00fcr gesch\u00e4ftliche Tagungen und Messen\" \/>\n<meta property=\"og:url\" content=\"https:\/\/www.we-hotels.com\/de\/standort\/umgebung\/\" \/>\n<meta property=\"og:site_name\" content=\"WE Hotel\" \/>\n<meta property=\"article:publisher\" content=\"https:\/\/www.facebook.com\/WeHotelPrague\/\" \/>\n<meta property=\"article:modified_time\" content=\"2025-08-14T11:26:05+00:00\" \/>\n<meta property=\"og:image\" content=\"https:\/\/www.we-hotels.com\/wp-content\/uploads\/sites\/262\/2025\/08\/we_hotel_slide_08.jpg\" \/>\n\t<meta property=\"og:image:width\" content=\"2200\" \/>\n\t<meta property=\"og:image:height\" content=\"1200\" \/>\n\t<meta property=\"og:image:type\" content=\"image\/jpeg\" \/>\n<meta name=\"twitter:card\" content=\"summary_large_image\" \/>\n<meta name=\"twitter:label1\" content=\"Gesch\u00e4tzte Lesezeit\" \/>\n\t<meta name=\"twitter:data1\" content=\"1 Minute\" \/>\n<script type=\"application\/ld+json\" class=\"yoast-schema-graph\">{\"@context\":\"https:\\\/\\\/schema.org\",\"@graph\":[{\"@type\":\"WebPage\",\"@id\":\"https:\\\/\\\/www.we-hotels.com\\\/de\\\/standort\\\/umgebung\\\/\",\"url\":\"https:\\\/\\\/www.we-hotels.com\\\/de\\\/standort\\\/umgebung\\\/\",\"name\":\"Umgebung - WE Hotel -\",\"isPartOf\":{\"@id\":\"https:\\\/\\\/www.we-hotels.com\\\/de\\\/#website\"},\"datePublished\":\"2025-07-31T13:42:23+00:00\",\"dateModified\":\"2025-08-14T11:26:05+00:00\",\"description\":\"Gehen Sie nach drau\u00dfen und genie\u00dfen Sie die einzigartige Atmosph\u00e4re von Let\u0148any. Unser Hotel befindet sich mitten im Geschehen \u2013 ganz in der N\u00e4he der Veranstaltungsorte f\u00fcr gesch\u00e4ftliche Tagungen und Messen\",\"breadcrumb\":{\"@id\":\"https:\\\/\\\/www.we-hotels.com\\\/de\\\/standort\\\/umgebung\\\/#breadcrumb\"},\"inLanguage\":\"de-DE\",\"potentialAction\":[{\"@type\":\"ReadAction\",\"target\":[\"https:\\\/\\\/www.we-hotels.com\\\/de\\\/standort\\\/umgebung\\\/\"]}]},{\"@type\":\"BreadcrumbList\",\"@id\":\"https:\\\/\\\/www.we-hotels.com\\\/de\\\/standort\\\/umgebung\\\/#breadcrumb\",\"itemListElement\":[{\"@type\":\"ListItem\",\"position\":1,\"name\":\"Home\",\"item\":\"https:\\\/\\\/www.we-hotels.com\\\/de\\\/\"},{\"@type\":\"ListItem\",\"position\":2,\"name\":\"Standort\",\"item\":\"https:\\\/\\\/www.we-hotels.com\\\/de\\\/standort\\\/\"},{\"@type\":\"ListItem\",\"position\":3,\"name\":\"Umgebung\"}]},{\"@type\":\"WebSite\",\"@id\":\"https:\\\/\\\/www.we-hotels.com\\\/de\\\/#website\",\"url\":\"https:\\\/\\\/www.we-hotels.com\\\/de\\\/\",\"name\":\"WE Hotel\",\"description\":\"\",\"publisher\":{\"@id\":\"https:\\\/\\\/www.we-hotels.com\\\/de\\\/#organization\"},\"potentialAction\":[{\"@type\":\"SearchAction\",\"target\":{\"@type\":\"EntryPoint\",\"urlTemplate\":\"https:\\\/\\\/www.we-hotels.com\\\/de\\\/?s={search_term_string}\"},\"query-input\":{\"@type\":\"PropertyValueSpecification\",\"valueRequired\":true,\"valueName\":\"search_term_string\"}}],\"inLanguage\":\"de-DE\"},{\"@type\":\"Organization\",\"@id\":\"https:\\\/\\\/www.we-hotels.com\\\/de\\\/#organization\",\"name\":\"WE Hotel\",\"url\":\"https:\\\/\\\/www.we-hotels.com\\\/de\\\/\",\"logo\":{\"@type\":\"ImageObject\",\"inLanguage\":\"de-DE\",\"@id\":\"https:\\\/\\\/www.we-hotels.com\\\/de\\\/#\\\/schema\\\/logo\\\/image\\\/\",\"url\":\"https:\\\/\\\/www.we-hotels.com\\\/wp-content\\\/uploads\\\/sites\\\/262\\\/2025\\\/07\\\/we_hotel_logo.jpg\",\"contentUrl\":\"https:\\\/\\\/www.we-hotels.com\\\/wp-content\\\/uploads\\\/sites\\\/262\\\/2025\\\/07\\\/we_hotel_logo.jpg\",\"width\":573,\"height\":573,\"caption\":\"WE Hotel\"},\"image\":{\"@id\":\"https:\\\/\\\/www.we-hotels.com\\\/de\\\/#\\\/schema\\\/logo\\\/image\\\/\"},\"sameAs\":[\"https:\\\/\\\/www.facebook.com\\\/WeHotelPrague\\\/\",\"https:\\\/\\\/www.instagram.com\\\/wehotelprague\",\"https:\\\/\\\/www.linkedin.com\\\/company\\\/we-hotels-europe\\\/\"]}]}<\/script>\n<!-- \/ Yoast SEO plugin. -->","yoast_head_json":{"title":"Umgebung - WE Hotel -","description":"Gehen Sie nach drau\u00dfen und genie\u00dfen Sie die einzigartige Atmosph\u00e4re von Let\u0148any. Unser Hotel befindet sich mitten im Geschehen \u2013 ganz in der N\u00e4he der Veranstaltungsorte f\u00fcr gesch\u00e4ftliche Tagungen und Messen","robots":{"index":"index","follow":"follow","max-snippet":"max-snippet:-1","max-image-preview":"max-image-preview:large","max-video-preview":"max-video-preview:-1"},"canonical":"https:\/\/www.we-hotels.com\/de\/standort\/umgebung\/","og_locale":"de_DE","og_type":"article","og_title":"Umgebung - WE Hotel -","og_description":"Gehen Sie nach drau\u00dfen und genie\u00dfen Sie die einzigartige Atmosph\u00e4re von Let\u0148any. Unser Hotel befindet sich mitten im Geschehen \u2013 ganz in der N\u00e4he der Veranstaltungsorte f\u00fcr gesch\u00e4ftliche Tagungen und Messen","og_url":"https:\/\/www.we-hotels.com\/de\/standort\/umgebung\/","og_site_name":"WE Hotel","article_publisher":"https:\/\/www.facebook.com\/WeHotelPrague\/","article_modified_time":"2025-08-14T11:26:05+00:00","og_image":[{"width":2200,"height":1200,"url":"https:\/\/www.we-hotels.com\/wp-content\/uploads\/sites\/262\/2025\/08\/we_hotel_slide_08.jpg","type":"image\/jpeg"}],"twitter_card":"summary_large_image","twitter_misc":{"Gesch\u00e4tzte Lesezeit":"1 Minute"},"schema":{"@context":"https:\/\/schema.org","@graph":[{"@type":"WebPage","@id":"https:\/\/www.we-hotels.com\/de\/standort\/umgebung\/","url":"https:\/\/www.we-hotels.com\/de\/standort\/umgebung\/","name":"Umgebung - WE Hotel -","isPartOf":{"@id":"https:\/\/www.we-hotels.com\/de\/#website"},"datePublished":"2025-07-31T13:42:23+00:00","dateModified":"2025-08-14T11:26:05+00:00","description":"Gehen Sie nach drau\u00dfen und genie\u00dfen Sie die einzigartige Atmosph\u00e4re von Let\u0148any. Unser Hotel befindet sich mitten im Geschehen \u2013 ganz in der N\u00e4he der Veranstaltungsorte f\u00fcr gesch\u00e4ftliche Tagungen und Messen","breadcrumb":{"@id":"https:\/\/www.we-hotels.com\/de\/standort\/umgebung\/#breadcrumb"},"inLanguage":"de-DE","potentialAction":[{"@type":"ReadAction","target":["https:\/\/www.we-hotels.com\/de\/standort\/umgebung\/"]}]},{"@type":"BreadcrumbList","@id":"https:\/\/www.we-hotels.com\/de\/standort\/umgebung\/#breadcrumb","itemListElement":[{"@type":"ListItem","position":1,"name":"Home","item":"https:\/\/www.we-hotels.com\/de\/"},{"@type":"ListItem","position":2,"name":"Standort","item":"https:\/\/www.we-hotels.com\/de\/standort\/"},{"@type":"ListItem","position":3,"name":"Umgebung"}]},{"@type":"WebSite","@id":"https:\/\/www.we-hotels.com\/de\/#website","url":"https:\/\/www.we-hotels.com\/de\/","name":"WE Hotel","description":"","publisher":{"@id":"https:\/\/www.we-hotels.com\/de\/#organization"},"potentialAction":[{"@type":"SearchAction","target":{"@type":"EntryPoint","urlTemplate":"https:\/\/www.we-hotels.com\/de\/?s={search_term_string}"},"query-input":{"@type":"PropertyValueSpecification","valueRequired":true,"valueName":"search_term_string"}}],"inLanguage":"de-DE"},{"@type":"Organization","@id":"https:\/\/www.we-hotels.com\/de\/#organization","name":"WE Hotel","url":"https:\/\/www.we-hotels.com\/de\/","logo":{"@type":"ImageObject","inLanguage":"de-DE","@id":"https:\/\/www.we-hotels.com\/de\/#\/schema\/logo\/image\/","url":"https:\/\/www.we-hotels.com\/wp-content\/uploads\/sites\/262\/2025\/07\/we_hotel_logo.jpg","contentUrl":"https:\/\/www.we-hotels.com\/wp-content\/uploads\/sites\/262\/2025\/07\/we_hotel_logo.jpg","width":573,"height":573,"caption":"WE Hotel"},"image":{"@id":"https:\/\/www.we-hotels.com\/de\/#\/schema\/logo\/image\/"},"sameAs":["https:\/\/www.facebook.com\/WeHotelPrague\/","https:\/\/www.instagram.com\/wehotelprague","https:\/\/www.linkedin.com\/company\/we-hotels-europe\/"]}]}},"acf":[],"_links":{"self":[{"href":"https:\/\/www.we-hotels.com\/de\/wp-json\/wp\/v2\/pages\/248","targetHints":{"allow":["GET"]}}],"collection":[{"href":"https:\/\/www.we-hotels.com\/de\/wp-json\/wp\/v2\/pages"}],"about":[{"href":"https:\/\/www.we-hotels.com\/de\/wp-json\/wp\/v2\/types\/page"}],"author":[{"embeddable":true,"href":"https:\/\/www.we-hotels.com\/de\/wp-json\/wp\/v2\/users\/26"}],"replies":[{"embeddable":true,"href":"https:\/\/www.we-hotels.com\/de\/wp-json\/wp\/v2\/comments?post=248"}],"version-history":[{"count":0,"href":"https:\/\/www.we-hotels.com\/de\/wp-json\/wp\/v2\/pages\/248\/revisions"}],"up":[{"embeddable":true,"href":"https:\/\/www.we-hotels.com\/de\/wp-json\/wp\/v2\/pages\/243"}],"wp:attachment":[{"href":"https:\/\/www.we-hotels.com\/de\/wp-json\/wp\/v2\/media?parent=248"}],"curies":[{"name":"wp","href":"https:\/\/api.w.org\/{rel}","templated":true}]}}